{"id":22,"date":"2022-08-12T12:09:01","date_gmt":"2022-08-12T11:09:01","guid":{"rendered":"https:\/\/web.power3.eu\/?page_id=22"},"modified":"2026-03-11T12:02:43","modified_gmt":"2026-03-11T11:02:43","slug":"impressum","status":"publish","type":"page","link":"https:\/\/power3.eu\/?page_id=22","title":{"rendered":"Impressum"},"content":{"rendered":"\n<p style=\"line-height:0\"><strong>Angaben gem\u00e4\u00df \u00a7 5 TMG<\/strong><\/p>\n\n\n\n<p>Power3 GmbH<br>Schmelzerstra\u00dfe 25<br>47877 Willich<br>Deutschland<\/p>\n\n\n\n<p><strong>Vertreten durch<\/strong><br>Gesch\u00e4ftsf\u00fchrung: Frau Maria Wagenheim<br>Gesch\u00e4ftsleitung: Herr Theodor Lemmen<\/p>\n\n\n\n<p><strong>Kontakt<\/strong><br>Telefon: +49 2154 882 77 88<br>Telefax: +49 2154 882 77 89<br>E-Mail: <a href=\"mailto:info@power3.eu\">info@power3.eu<\/a><\/p>\n\n\n\n<p><strong>Unternehmensangaben<\/strong><br>Sitz der Gesellschaft: Willich<br>Gesch\u00e4ftsf\u00fchrer: Maria Wagenheim<br>Handelsregister: Amtsgericht Krefeld, HRB 17767<\/p>\n\n\n\n<p><strong>Steuerangaben<\/strong><br>Steuernummer: 102\/5838\/2155<br>Umsatzsteuer-ID gem\u00e4\u00df \u00a7 27a Umsatzsteuergesetz: DE330402408<\/p>\n\n\n\n<p><strong>Haftungsausschluss<\/strong><br>Siehe IATechnik.de<\/p>\n","protected":false},"excerpt":{"rendered":"<p>Angaben gem\u00e4\u00df \u00a7 5 TMG Power3 GmbHSchmelzerstra\u00dfe 2547877 WillichDeutschland Vertreten durchGesch\u00e4ftsf\u00fchrung: Frau Maria WagenheimGesch\u00e4ftsleitung: Herr Theodor Lemmen KontaktTelefon: +49 2154 882 77 88Telefax: +49 2154 882 77 89E-Mail: info@power3.eu UnternehmensangabenSitz der Gesellschaft: WillichGesch\u00e4ftsf\u00fchrer: Maria WagenheimHandelsregister: Amtsgericht Krefeld, HRB 17767 SteuerangabenSteuernummer: 102\/5838\/2155Umsatzsteuer-ID gem\u00e4\u00df \u00a7 27a Umsatzsteuergesetz: DE330402408 HaftungsausschlussSiehe IATechnik.de<\/p>\n","protected":false},"author":2,"featured_media":0,"parent":0,"menu_order":0,"comment_status":"closed","ping_status":"closed","template":"","meta":{"_et_pb_use_builder":"off","_et_pb_old_content":"<!-- wp:paragraph {\"style\":{\"typography\":{\"lineHeight\":\"0\"}}} -->\n<p style=\"line-height:0\">Angaben gem\u00e4\u00df \u00a7 5 TMG:<\/p>\n<!-- \/wp:paragraph -->\n\n<!-- wp:paragraph {\"style\":{\"typography\":{\"lineHeight\":\"0\"}}} -->\n<p style=\"line-height:0\">Power3 GmbH<\/p>\n<!-- \/wp:paragraph -->\n\n<!-- wp:paragraph {\"style\":{\"typography\":{\"lineHeight\":\"0\"}}} -->\n<p style=\"line-height:0\">Schmelzerstra\u00dfe 25<\/p>\n<!-- \/wp:paragraph -->\n\n<!-- wp:paragraph {\"style\":{\"typography\":{\"lineHeight\":\"0\"}}} -->\n<p style=\"line-height:0\">47877 Willich<\/p>\n<!-- \/wp:paragraph -->\n\n<!-- wp:paragraph {\"style\":{\"typography\":{\"lineHeight\":\"0\"}}} -->\n<p style=\"line-height:0\"><strong>Vertreten durch<\/strong><\/p>\n<!-- \/wp:paragraph -->\n\n<!-- wp:paragraph {\"style\":{\"typography\":{\"lineHeight\":\"0\"}}} -->\n<p style=\"line-height:0\">Gesch\u00e4ftsf\u00fchrung: Frau Maria Wagenheim<\/p>\n<!-- \/wp:paragraph -->\n\n<!-- wp:paragraph {\"style\":{\"typography\":{\"lineHeight\":\"0\"}}} -->\n<p style=\"line-height:0\">Gesch\u00e4ftsleitung: Herr Theodor Lemmen<\/p>\n<!-- \/wp:paragraph -->\n\n<!-- wp:paragraph {\"style\":{\"typography\":{\"lineHeight\":\"0\"}}} -->\n<p style=\"line-height:0\"><strong>Kontakt<\/strong><\/p>\n<!-- \/wp:paragraph -->\n\n<!-- wp:paragraph {\"style\":{\"typography\":{\"lineHeight\":\"0\"}}} -->\n<p style=\"line-height:0\">Telefon:&nbsp;+49 2154&nbsp; - 882 77 88<\/p>\n<!-- \/wp:paragraph -->\n\n<!-- wp:paragraph {\"style\":{\"typography\":{\"lineHeight\":\"0\"}}} -->\n<p style=\"line-height:0\">Telefax:&nbsp;+49 2154 882 - 77 89<\/p>\n<!-- \/wp:paragraph -->\n\n<!-- wp:paragraph {\"style\":{\"typography\":{\"lineHeight\":\"0\"}}} -->\n<p style=\"line-height:0\">E-Mail: <a href=\"mailto:info@power3.eu\">info@power3.eu<\/a><\/p>\n<!-- \/wp:paragraph -->\n\n<!-- wp:paragraph {\"style\":{\"typography\":{\"lineHeight\":\"0\"}}} -->\n<p style=\"line-height:0\">Sitz der Power3&nbsp;GmbH : Willich<\/p>\n<!-- \/wp:paragraph -->\n\n<!-- wp:paragraph {\"style\":{\"typography\":{\"lineHeight\":\"0\"}}} -->\n<p style=\"line-height:0\">Gesch\u00e4ftsf\u00fchrer: Maria Wagenheim<\/p>\n<!-- \/wp:paragraph -->\n\n<!-- wp:paragraph {\"style\":{\"typography\":{\"lineHeight\":\"0\"}}} -->\n<p style=\"line-height:0\">Handelsregister: AG Krefeld HRB 17767<\/p>\n<!-- \/wp:paragraph -->\n\n<!-- wp:paragraph {\"style\":{\"typography\":{\"lineHeight\":\"0\"}}} -->\n<p style=\"line-height:0\">Steuernummer: 102\/5838\/2155<\/p>\n<!-- \/wp:paragraph -->\n\n<!-- wp:paragraph {\"style\":{\"typography\":{\"lineHeight\":\"0\"}}} -->\n<p style=\"line-height:0\">Steuer ID:&nbsp; DE329261781<\/p>\n<!-- \/wp:paragraph -->\n\n<!-- wp:paragraph -->\n<p><strong>Umsatzsteuer-ID<\/strong><\/p>\n<!-- \/wp:paragraph -->\n\n<!-- wp:paragraph -->\n<p>umsatzsteuer-Identifikationsnummer gem\u00e4\u00df \u00a727a Umsatzsteuergesetz:&nbsp;DE329261781<\/p>\n<!-- \/wp:paragraph -->\n\n<!-- wp:paragraph -->\n<p>Handelsregister Krefeld HRB 17767<\/p>\n<!-- \/wp:paragraph -->\n\n<!-- wp:paragraph -->\n<p><strong>Haftungsausschluss<\/strong><\/p>\n<!-- \/wp:paragraph -->\n\n<!-- wp:paragraph -->\n<p><strong>Siehe IATechnik<\/strong>.de<\/p>\n<!-- \/wp:paragraph -->","_et_gb_content_width":"","footnotes":""},"class_list":["post-22","page","type-page","status-publish","hentry"],"yoast_head":"<!-- This site is optimized with the Yoast SEO plugin v27.5 - https:\/\/yoast.com\/product\/yoast-seo-wordpress\/ -->\n<title>Impressum - Power3<\/title>\n<meta name=\"robots\" content=\"index, follow, max-snippet:-1, max-image-preview:large, max-video-preview:-1\" \/>\n<link rel=\"canonical\" href=\"https:\/\/power3.eu\/?page_id=22\" \/>\n<meta property=\"og:locale\" content=\"de_DE\" \/>\n<meta property=\"og:type\" content=\"article\" \/>\n<meta property=\"og:title\" content=\"Impressum - Power3\" \/>\n<meta property=\"og:description\" content=\"Angaben gem\u00e4\u00df \u00a7 5 TMG Power3 GmbHSchmelzerstra\u00dfe 2547877 WillichDeutschland Vertreten durchGesch\u00e4ftsf\u00fchrung: Frau Maria WagenheimGesch\u00e4ftsleitung: Herr Theodor Lemmen KontaktTelefon: +49 2154 882 77 88Telefax: +49 2154 882 77 89E-Mail: info@power3.eu UnternehmensangabenSitz der Gesellschaft: WillichGesch\u00e4ftsf\u00fchrer: Maria WagenheimHandelsregister: Amtsgericht Krefeld, HRB 17767 SteuerangabenSteuernummer: 102\/5838\/2155Umsatzsteuer-ID gem\u00e4\u00df \u00a7 27a Umsatzsteuergesetz: DE330402408 HaftungsausschlussSiehe IATechnik.de\" \/>\n<meta property=\"og:url\" content=\"https:\/\/power3.eu\/?page_id=22\" \/>\n<meta property=\"og:site_name\" content=\"Power3\" \/>\n<meta property=\"article:modified_time\" content=\"2026-03-11T11:02:43+00:00\" \/>\n<meta name=\"twitter:card\" content=\"summary_large_image\" \/>\n<meta name=\"twitter:label1\" content=\"Gesch\u00e4tzte Lesezeit\" \/>\n\t<meta name=\"twitter:data1\" content=\"1\u00a0Minute\" \/>\n<script type=\"application\/ld+json\" class=\"yoast-schema-graph\">{\"@context\":\"https:\\\/\\\/schema.org\",\"@graph\":[{\"@type\":\"WebPage\",\"@id\":\"https:\\\/\\\/power3.eu\\\/?page_id=22\",\"url\":\"https:\\\/\\\/power3.eu\\\/?page_id=22\",\"name\":\"Impressum - Power3\",\"isPartOf\":{\"@id\":\"https:\\\/\\\/power3.eu\\\/#website\"},\"datePublished\":\"2022-08-12T11:09:01+00:00\",\"dateModified\":\"2026-03-11T11:02:43+00:00\",\"breadcrumb\":{\"@id\":\"https:\\\/\\\/power3.eu\\\/?page_id=22#breadcrumb\"},\"inLanguage\":\"de\",\"potentialAction\":[{\"@type\":\"ReadAction\",\"target\":[\"https:\\\/\\\/power3.eu\\\/?page_id=22\"]}]},{\"@type\":\"BreadcrumbList\",\"@id\":\"https:\\\/\\\/power3.eu\\\/?page_id=22#breadcrumb\",\"itemListElement\":[{\"@type\":\"ListItem\",\"position\":1,\"name\":\"Startseite\",\"item\":\"https:\\\/\\\/power3.eu\\\/\"},{\"@type\":\"ListItem\",\"position\":2,\"name\":\"Impressum\"}]},{\"@type\":\"WebSite\",\"@id\":\"https:\\\/\\\/power3.eu\\\/#website\",\"url\":\"https:\\\/\\\/power3.eu\\\/\",\"name\":\"Power3\",\"description\":\"\",\"publisher\":{\"@id\":\"https:\\\/\\\/power3.eu\\\/#organization\"},\"potentialAction\":[{\"@type\":\"SearchAction\",\"target\":{\"@type\":\"EntryPoint\",\"urlTemplate\":\"https:\\\/\\\/power3.eu\\\/?s={search_term_string}\"},\"query-input\":{\"@type\":\"PropertyValueSpecification\",\"valueRequired\":true,\"valueName\":\"search_term_string\"}}],\"inLanguage\":\"de\"},{\"@type\":\"Organization\",\"@id\":\"https:\\\/\\\/power3.eu\\\/#organization\",\"name\":\"Power3\",\"url\":\"https:\\\/\\\/power3.eu\\\/\",\"logo\":{\"@type\":\"ImageObject\",\"inLanguage\":\"de\",\"@id\":\"https:\\\/\\\/power3.eu\\\/#\\\/schema\\\/logo\\\/image\\\/\",\"url\":\"https:\\\/\\\/power3.eu\\\/wp-content\\\/uploads\\\/2022\\\/08\\\/Unbenannt.png\",\"contentUrl\":\"https:\\\/\\\/power3.eu\\\/wp-content\\\/uploads\\\/2022\\\/08\\\/Unbenannt.png\",\"width\":982,\"height\":272,\"caption\":\"Power3\"},\"image\":{\"@id\":\"https:\\\/\\\/power3.eu\\\/#\\\/schema\\\/logo\\\/image\\\/\"}}]}<\/script>\n<!-- \/ Yoast SEO plugin. -->","yoast_head_json":{"title":"Impressum - Power3","robots":{"index":"index","follow":"follow","max-snippet":"max-snippet:-1","max-image-preview":"max-image-preview:large","max-video-preview":"max-video-preview:-1"},"canonical":"https:\/\/power3.eu\/?page_id=22","og_locale":"de_DE","og_type":"article","og_title":"Impressum - Power3","og_description":"Angaben gem\u00e4\u00df \u00a7 5 TMG Power3 GmbHSchmelzerstra\u00dfe 2547877 WillichDeutschland Vertreten durchGesch\u00e4ftsf\u00fchrung: Frau Maria WagenheimGesch\u00e4ftsleitung: Herr Theodor Lemmen KontaktTelefon: +49 2154 882 77 88Telefax: +49 2154 882 77 89E-Mail: info@power3.eu UnternehmensangabenSitz der Gesellschaft: WillichGesch\u00e4ftsf\u00fchrer: Maria WagenheimHandelsregister: Amtsgericht Krefeld, HRB 17767 SteuerangabenSteuernummer: 102\/5838\/2155Umsatzsteuer-ID gem\u00e4\u00df \u00a7 27a Umsatzsteuergesetz: DE330402408 HaftungsausschlussSiehe IATechnik.de","og_url":"https:\/\/power3.eu\/?page_id=22","og_site_name":"Power3","article_modified_time":"2026-03-11T11:02:43+00:00","twitter_card":"summary_large_image","twitter_misc":{"Gesch\u00e4tzte Lesezeit":"1\u00a0Minute"},"schema":{"@context":"https:\/\/schema.org","@graph":[{"@type":"WebPage","@id":"https:\/\/power3.eu\/?page_id=22","url":"https:\/\/power3.eu\/?page_id=22","name":"Impressum - Power3","isPartOf":{"@id":"https:\/\/power3.eu\/#website"},"datePublished":"2022-08-12T11:09:01+00:00","dateModified":"2026-03-11T11:02:43+00:00","breadcrumb":{"@id":"https:\/\/power3.eu\/?page_id=22#breadcrumb"},"inLanguage":"de","potentialAction":[{"@type":"ReadAction","target":["https:\/\/power3.eu\/?page_id=22"]}]},{"@type":"BreadcrumbList","@id":"https:\/\/power3.eu\/?page_id=22#breadcrumb","itemListElement":[{"@type":"ListItem","position":1,"name":"Startseite","item":"https:\/\/power3.eu\/"},{"@type":"ListItem","position":2,"name":"Impressum"}]},{"@type":"WebSite","@id":"https:\/\/power3.eu\/#website","url":"https:\/\/power3.eu\/","name":"Power3","description":"","publisher":{"@id":"https:\/\/power3.eu\/#organization"},"potentialAction":[{"@type":"SearchAction","target":{"@type":"EntryPoint","urlTemplate":"https:\/\/power3.eu\/?s={search_term_string}"},"query-input":{"@type":"PropertyValueSpecification","valueRequired":true,"valueName":"search_term_string"}}],"inLanguage":"de"},{"@type":"Organization","@id":"https:\/\/power3.eu\/#organization","name":"Power3","url":"https:\/\/power3.eu\/","logo":{"@type":"ImageObject","inLanguage":"de","@id":"https:\/\/power3.eu\/#\/schema\/logo\/image\/","url":"https:\/\/power3.eu\/wp-content\/uploads\/2022\/08\/Unbenannt.png","contentUrl":"https:\/\/power3.eu\/wp-content\/uploads\/2022\/08\/Unbenannt.png","width":982,"height":272,"caption":"Power3"},"image":{"@id":"https:\/\/power3.eu\/#\/schema\/logo\/image\/"}}]}},"_links":{"self":[{"href":"https:\/\/power3.eu\/index.php?rest_route=\/wp\/v2\/pages\/22","targetHints":{"allow":["GET"]}}],"collection":[{"href":"https:\/\/power3.eu\/index.php?rest_route=\/wp\/v2\/pages"}],"about":[{"href":"https:\/\/power3.eu\/index.php?rest_route=\/wp\/v2\/types\/page"}],"author":[{"embeddable":true,"href":"https:\/\/power3.eu\/index.php?rest_route=\/wp\/v2\/users\/2"}],"replies":[{"embeddable":true,"href":"https:\/\/power3.eu\/index.php?rest_route=%2Fwp%2Fv2%2Fcomments&post=22"}],"version-history":[{"count":19,"href":"https:\/\/power3.eu\/index.php?rest_route=\/wp\/v2\/pages\/22\/revisions"}],"predecessor-version":[{"id":260,"href":"https:\/\/power3.eu\/index.php?rest_route=\/wp\/v2\/pages\/22\/revisions\/260"}],"wp:attachment":[{"href":"https:\/\/power3.eu\/index.php?rest_route=%2Fwp%2Fv2%2Fmedia&parent=22"}],"curies":[{"name":"wp","href":"https:\/\/api.w.org\/{rel}","templated":true}]}}